{"id":115,"date":"2020-12-06T14:06:19","date_gmt":"2020-12-06T13:06:19","guid":{"rendered":"https:\/\/xn--lepanierdecapacits-rwb.com\/?page_id=115"},"modified":"2024-08-07T21:34:24","modified_gmt":"2024-08-07T19:34:24","slug":"accueil","status":"publish","type":"page","link":"https:\/\/xn--lepanierdecapacits-rwb.com\/","title":{"rendered":"ACCUEIL"},"content":{"rendered":"\n<div style=\"height:150px\" aria-hidden=\"true\" class=\"wp-block-spacer\"><\/div>\n\n\n\n<section id=\"section-88bacf06-d187-4f21-8fa5-b0821f54ff0d\" class=\"wp-block-gutentor-image-slider gutentor-section gutentor-image-slider imageSlider-template1\"><div class=\"gutentor-grid-item-wrap\"><div class=\"gutentor-slider-wrapper\" data-dots=\"true\" data-arrows=\"true\" data-infinite=\"true\" data-nextarrow=\"fas fa-angle-right\" data-prevarrow=\"fas fa-angle-left\" data-autoplay=\"true\" data-autoplayspeed=\"4500\" data-fade=\"true\" data-speed=\"900\"><div class=\"gutentor-slider-item\"><div class=\"gutentor-single-item gutentor-single-item-0\"><div class=\"gutentor-single-item-wrap\"><div class=\"gutentor-single-item-image-box\"><div class=\"gutentor-bg-image\"><div class=\"overlay\"><\/div><\/div><\/div><div class=\"gutentor-single-item-content\"><div class=\"grid-container\"><div class=\"slider-caption text-center\"><h3 class=\"gutentor-single-item-title\">Recherchez Votre Voie<\/h3><p class=\"gutentor-single-item-desc\">D\u00e9couvrez votre couloir d&rsquo;\u00e9panouissement et d&rsquo;impact<\/p><\/div><\/div><\/div><\/div><\/div><\/div><div class=\"gutentor-slider-item\"><div class=\"gutentor-single-item gutentor-single-item-1\"><div class=\"gutentor-single-item-wrap\"><div class=\"gutentor-single-item-image-box\"><div class=\"gutentor-bg-image\"><div class=\"overlay\"><\/div><\/div><\/div><div class=\"gutentor-single-item-content\"><div class=\"grid-container\"><div class=\"slider-caption text-center\"><h3 class=\"gutentor-single-item-title\"><strong>Prenez Votre Destin en Main<\/strong><\/h3><p class=\"gutentor-single-item-desc\">Soyez une solution pour votre g\u00e9n\u00e9ration, en op\u00e9rant dans votre vocation professionnelle<\/p><\/div><\/div><\/div><\/div><\/div><\/div><div class=\"gutentor-slider-item\"><div class=\"gutentor-single-item gutentor-single-item-2\"><div class=\"gutentor-single-item-wrap\"><div class=\"gutentor-single-item-image-box\"><div class=\"gutentor-bg-image\"><div class=\"overlay\"><\/div><\/div><\/div><div class=\"gutentor-single-item-content\"><div class=\"grid-container\"><div class=\"slider-caption text-center\"><h3 class=\"gutentor-single-item-title\">Trouvez Votre Chemin<\/h3><p class=\"gutentor-single-item-desc\">Capitalisez sur vos d\u00e9p\u00f4ts naturels, comp\u00e9tences et exp\u00e9riences professionnelles&#8230; Choisissez un m\u00e9tier fait pour vous!<\/p><\/div><\/div><\/div><\/div><\/div><\/div><\/div><\/div><\/section>\n\n\n\n<section id=\"section-6997d004-6293-497c-b1ee-8d6d582a7b7a\" class=\"wp-block-gutentor-advanced-columns gutentor-section gutentor-advanced-columns\"><div class=\"grid-container\"><div class=\"grid-row\">\n<div id=\"section-4e4973e3-36a4-4003-988b-d0ada490e807\" class=\"wp-block-gutentor-single-column gutentor-single-column  grid-lg-7 grid-md-12 grid-12\">\n<div id=\"section-809fc78b-ec47-4e49-b257-344e21373793\" class=\"wp-block-gutentor-content-box gutentor-section gutentor-content-box-wrapper content-template1 no-gap text-left text-align\"><div class=\"grid-container gutentor-rm-ct-space\"><div class=\"gutentor-block-header\"><div class=\"gutentor-section-title text-left\"><span class=\"gutentor-title\"><strong><span style=\"color:#074360\" class=\"has-inline-color\">ACCESSIBILIT\u00c9 : L&rsquo;organisme accueilLE ET ORIENTE le public en situation dE HANDICAP<\/span><\/strong><br><br>Le Panier de Capacit\u00e9s<\/span><\/div><\/div><div class=\"grid-row gutentor-grid-item-wrap gutentor-rm-row-space\"><div class=\"gutentor-grid-column grid-lg-12 grid-md-12 grid-12 gutentor-rm-col-space\"><div class=\"gutentor-single-item gutentor-single-item-0\"><div class=\"gutentor-single-item-wrap\"><div class=\"gutentor-single-item-content\"><h3 class=\"gutentor-single-item-title\"><sup>Fondatrice Emilienne Assougouma <\/sup><\/h3><p class=\"gutentor-single-item-desc\">La naissance du \u00ab\u00a0panier de capacit\u00e9s\u00a0\u00bb est fond\u00e9e sur ma propre exp\u00e9rience et le constat d\u2019une souffrance g\u00e9n\u00e9ralis\u00e9e dans notre g\u00e9n\u00e9ration. <br>un milieu de professionnels frustr\u00e9s, d\u2019\u00e9tudiants en ruptures scolaires, subissant \u00e9tudes ou emploi, voire carri\u00e8re, impos\u00e9s par l\u2019entourage et ou la soci\u00e9t\u00e9. En effet, apr\u00e8s un \u00e9chec scolaire au Cameroun suite \u00e0 une situation personnelle difficile, je suis venue en France poursuivre mes \u00e9tudes. <br>Apr\u00e8s la classe de terminale D que je d\u00e9testais, j&rsquo;ai choisi l\u2019informatique, par coh\u00e9rence de parcours et pression de mon entourage\u2026. j\u2019ai obtenu un dipl\u00f4me d\u2019analyste programmeur de gestion.<br><br>J\u2019ai tent\u00e9 d\u2019explorer d\u2019autres pistes ou j&rsquo;avais des aisances naturelles, et des facilit\u00e9s comme la mode, la musique. Cela ne correspondait pas, \u00e0 ce que mon entourage attendait de moi. Frustr\u00e9e, j\u2019ai finalement d\u00e9cid\u00e9 de prendre la voie de la suret\u00e9, en suivant une formation d\u2019analyste programmeur de gestion de PME et PMI. J\u2019y suis arriv\u00e9e avec beaucoup de mal. Ce n\u2019\u00e9tait simplement pas mon couloir d\u2019impact! <br>Un jour, alors que j\u2019\u00e9tais \u00e0 l\u2019accueil d\u2019un \u00e9tablissement public, un de mes responsables m\u2019a remarqu\u00e9 et s\u2019est renseign\u00e9 sur moi, de fil en aiguille, il m\u2019a orient\u00e9 vers mon couloir. J\u2019ai repris une formation de BTS gestion de PME PMI, et de l\u00e0 j\u2019ai pris mon envol professionnel. J\u2019ai d\u00e9velopp\u00e9 mon expertise de l\u2019entreprise, en faisant mes armes dans le secteur bancaire.<br><br>De 2000 \u00e0 2003, dans un \u00e9tablissement bancaire, j\u2019ai commenc\u00e9 comme assistante commerciale, puis conseiller financier, conseiller client\u00e8le, monitrice des ventes bancaires.<br><br>De 2015 \u00e0 2018, j\u2019ai pris la direction d\u2019une agence Bancaire et la m\u00eame ann\u00e9e, j&rsquo;ai acc\u00e9d\u00e9 \u00e0 une position de cadre sup\u00e9rieure comme directrice de secteur bancaire avec qualification d&rsquo;ing\u00e9nieur.<br><br>De 2004 \u00e0 2020, en parall\u00e8le de mon activit\u00e9 dans le salariat, j\u2019ai cr\u00e9\u00e9 et g\u00e9r\u00e9 dans le cadre d&rsquo;une structure associative appel\u00e9e \u00ab\u00a0On est ensemble\u00a0\u00bb un d\u00e9partement de l&rsquo;aide \u00e0 l&rsquo;insertion professionnelle pour accompagnement \u00e0 l\u2019insertion professionnelle, (AIP).<br><br>En 2019, j\u2019ai cr\u00e9\u00e9 l\u2019association \u00ab\u00a0WAKE UP\u00a0\u00bb une association pour accompagner des femmes seules (veuves, divorc\u00e9es etc&#8230;).<br>C\u2019est ce parcours riche, qui fait la force d\u2019accompagnement du \u00ab\u00a0panier de capacit\u00e9s\u00a0\u00bb vers un couloir d\u2019\u00e9panouissement et d\u2019impact.<\/p><\/div><\/div><\/div><\/div><\/div><\/div><\/div>\n\n\n\n<div id=\"section-b88980cc-600b-4509-8e33-4d809b1ebf9b\" class=\"wp-block-gutentor-list gutentor-section gutentor-list-wrapper list-template1 text-left\"><div class=\"grid-container gutentor-rm-ct-space\"><ul class=\"grid-row gutentor-grid-item-wrap list-indicator-icon text-left gutentor-rm-row-space\"><li class=\"gutentor-list-item grid-lg-6 grid-12 grid-12 gutentor-rm-col-space\"><span class=\"gutentor-single-item gutentor-single-item-0\"><span class=\"gutentor-list-item-wrap\"><span class=\"gutentor-single-list-item-icon\"><i class=\"list-item-icon fas fa-arrow-right\"><\/i><\/span><span class=\"gutentor-list-item\"><p class=\"gutentor-single-item-title\">D\u00e9tecter et d\u00e9velopper son potentiel<\/p><\/span><\/span><\/span><\/li><li class=\"gutentor-list-item grid-lg-6 grid-12 grid-12 gutentor-rm-col-space\"><span class=\"gutentor-single-item gutentor-single-item-1\"><span class=\"gutentor-list-item-wrap\"><span class=\"gutentor-single-list-item-icon\"><i class=\"list-item-icon fas fa-arrow-right\"><\/i><\/span><span class=\"gutentor-list-item\"><p class=\"gutentor-single-item-title\">B\u00e2tir son CV avec Shopharsystems\u00a0<\/p><\/span><\/span><\/span><\/li><li class=\"gutentor-list-item grid-lg-6 grid-12 grid-12 gutentor-rm-col-space\"><span class=\"gutentor-single-item gutentor-single-item-2\"><span class=\"gutentor-list-item-wrap\"><span class=\"gutentor-single-list-item-icon\"><i class=\"list-item-icon fas fa-arrow-right\"><\/i><\/span><span class=\"gutentor-list-item\"><p class=\"gutentor-single-item-title\">S&rsquo;orienter ou se r\u00e9orienter professionnellement<\/p><\/span><\/span><\/span><\/li><li class=\"gutentor-list-item grid-lg-6 grid-12 grid-12 gutentor-rm-col-space\"><span class=\"gutentor-single-item gutentor-single-item-3\"><span class=\"gutentor-list-item-wrap\"><span class=\"gutentor-single-list-item-icon\"><i class=\"list-item-icon fas fa-arrow-right\"><\/i><\/span><span class=\"gutentor-list-item\"><p class=\"gutentor-single-item-title\">R\u00e9ussir son entretien d\u2019embauche <\/p><\/span><\/span><\/span><\/li><li class=\"gutentor-list-item grid-lg-6 grid-12 grid-12 gutentor-rm-col-space\"><span class=\"gutentor-single-item gutentor-single-item-4\"><span class=\"gutentor-list-item-wrap\"><span class=\"gutentor-single-list-item-icon\"><i class=\"list-item-icon fas fa-arrow-right\"><\/i><\/span><span class=\"gutentor-list-item\"><p class=\"gutentor-single-item-title\">Bilan de comp\u00e9tences<\/p><\/span><\/span><\/span><\/li><li class=\"gutentor-list-item grid-lg-6 grid-12 grid-12 gutentor-rm-col-space\"><span class=\"gutentor-single-item gutentor-single-item-5\"><span class=\"gutentor-list-item-wrap\"><span class=\"gutentor-single-list-item-icon\"><i class=\"list-item-icon fas fa-arrow-right\"><\/i><\/span><span class=\"gutentor-list-item\"><p class=\"gutentor-single-item-title\">Se promouvoir diff\u00e9remment<\/p><\/span><\/span><\/span><\/li><\/ul><\/div><\/div>\n\n\n\n<div id=\"section-07961cce-d532-4b68-a6dc-002843f95de1\" class=\"wp-block-gutentor-content-box gutentor-section gutentor-content-box-wrapper content-template1 no-gap text-left\"><div class=\"grid-container gutentor-rm-ct-space\"><div class=\"grid-row gutentor-grid-item-wrap gutentor-rm-row-space\"><div class=\"gutentor-grid-column grid-lg-12 grid-md-12 grid-12 gutentor-rm-col-space\"><div class=\"gutentor-single-item gutentor-single-item-0\"><div class=\"gutentor-single-item-wrap\"><div class=\"gutentor-single-item-content\"><a class=\"gutentor-button gutentor-single-item-button gutentor-icon-before\" href=\"https:\/\/xn--lepanierdecapacits-rwb.com\/?page_id=558\"><i class=\"gutentor-button-icon far fa-comment\"><\/i><span>Consultation Libre<\/span><\/a><\/div><\/div><\/div><\/div><\/div><\/div><\/div>\n<\/div>\n\n\n\n<div id=\"section-71281a19-9bd3-4e48-9c34-8d02d49a2c53\" class=\"wp-block-gutentor-single-column gutentor-single-column  grid-lg-5 grid-md-12 grid-12\">\n<div id=\"section-ga60aef\" class=\"wp-block-gutentor-e6 section-ga60aef gutentor-element gutentor-element-image\"><div class=\"gutentor-element-image-box\"><div class=\"gutentor-image-thumb\"><img class=\"normal-image\" src=\"https:\/\/xn--lepanierdecapacits-rwb.com\/wp-content\/uploads\/2021\/05\/le-panier-de-capacites_fondatrice-1.png\"\/><\/div><\/div><\/div>\n<\/div>\n<\/div><\/div><\/section>\n\n\n\n<section id=\"section-15497acb-3dd9-4c72-b740-c09c522fbbc8\" class=\"wp-block-gutentor-icon-box gutentor-section gutentor-icon-wrapper icon-template1\"><div class=\"grid-container\"><div class=\"gutentor-block-header\"><div class=\"gutentor-section-title text-center\"><h3 class=\"gutentor-title\">Nos formations<\/h3><\/div><\/div><div class=\"grid-row gutentor-grid-item-wrap\"><div class=\"gutentor-grid-column grid-lg-4 grid-md-6 grid-12\"><div class=\"gutentor-single-item gutentor-icon gutentor-single-item-0\"><div class=\"gutentor-single-item-wrap\"><div class=\"gutentor-single-item-icon-box\"><i class=\"far fa-money-bill-alt\"><\/i><\/div><div class=\"gutentor-single-item-content\"><h4 class=\"gutentor-single-item-title\">D\u00e9tecter et d\u00e9velopper son potentiel<\/h4><p class=\"gutentor-single-item-desc\">D\u00e9tection et d\u00e9veloppement de potentiel selon les personnes.    <\/p><a class=\"gutentor-button gutentor-single-item-button gutentor-icon-hide\" href=\"https:\/\/xn--lepanierdecapacits-rwb.com\/?page_id=422\"><i class=\"gutentor-button-icon fas fa-long-arrow-alt-right\"><\/i><span>en savoir plus<\/span><\/a><\/div><\/div><\/div><\/div><div class=\"gutentor-grid-column grid-lg-4 grid-md-6 grid-12\"><div class=\"gutentor-single-item gutentor-icon gutentor-single-item-1\"><div class=\"gutentor-single-item-wrap\"><div class=\"gutentor-single-item-icon-box\"><i class=\"fas fa-clipboard-check\"><\/i><\/div><div class=\"gutentor-single-item-content\"><h4 class=\"gutentor-single-item-title\">Bilan de comp\u00e9tences<\/h4><p class=\"gutentor-single-item-desc\">Cr\u00e9ation d&rsquo;un v\u00e9ritable profil pour une r\u00e9\u00e9criture de parcours   <\/p><a class=\"gutentor-button gutentor-single-item-button gutentor-icon-hide\" href=\"https:\/\/xn--lepanierdecapacits-rwb.com\/?page_id=473\"><i class=\"gutentor-button-icon fas fa-long-arrow-alt-right\"><\/i><span>en savoir plus<\/span><\/a><\/div><\/div><\/div><\/div><div class=\"gutentor-grid-column grid-lg-4 grid-md-6 grid-12\"><div class=\"gutentor-single-item gutentor-icon gutentor-single-item-2\"><div class=\"gutentor-single-item-wrap\"><div class=\"gutentor-single-item-icon-box\"><i class=\"fas fa-chart-line\"><\/i><\/div><div class=\"gutentor-single-item-content\"><h4 class=\"gutentor-single-item-title\">B\u00e2tir son CV avec Shopharsystems<\/h4><p class=\"gutentor-single-item-desc\">Aide \u00e0 la cr\u00e9ation de curriculum vitae <br>selon les profils.  <\/p><a class=\"gutentor-button gutentor-single-item-button gutentor-icon-hide\" href=\"https:\/\/xn--lepanierdecapacits-rwb.com\/?page_id=478\"><i class=\"gutentor-button-icon fas fa-long-arrow-alt-right\"><\/i><span>en savoir plus<\/span><\/a><\/div><\/div><\/div><\/div><div class=\"gutentor-grid-column grid-lg-4 grid-md-6 grid-12\"><div class=\"gutentor-single-item gutentor-icon gutentor-single-item-3\"><div class=\"gutentor-single-item-wrap\"><div class=\"gutentor-single-item-icon-box\"><i class=\"fas fa-chart-pie\"><\/i><\/div><div class=\"gutentor-single-item-content\"><h4 class=\"gutentor-single-item-title\">S&rsquo;orienter ou se r\u00e9orienter professionnellement<\/h4><p class=\"gutentor-single-item-desc\">Orientation ou r\u00e9orientation vers un nouveau parcours.   <\/p><a class=\"gutentor-button gutentor-single-item-button gutentor-icon-hide\" href=\"https:\/\/xn--lepanierdecapacits-rwb.com\/?page_id=482\"><i class=\"gutentor-button-icon fas fa-long-arrow-alt-right\"><\/i><span>en savoir plus<\/span><\/a><\/div><\/div><\/div><\/div><div class=\"gutentor-grid-column grid-lg-4 grid-md-6 grid-12\"><div class=\"gutentor-single-item gutentor-icon gutentor-single-item-4\"><div class=\"gutentor-single-item-wrap\"><div class=\"gutentor-single-item-icon-box\"><i class=\"fas fa-desktop\"><\/i><\/div><div class=\"gutentor-single-item-content\"><h4 class=\"gutentor-single-item-title\">R\u00e9ussir son entretien d&#8217;embauche<\/h4><p class=\"gutentor-single-item-desc\">Pr\u00e9paration aux futurs entretiens      <\/p><a class=\"gutentor-button gutentor-single-item-button gutentor-icon-hide\" href=\"https:\/\/xn--lepanierdecapacits-rwb.com\/?page_id=484\"><i class=\"gutentor-button-icon fas fa-long-arrow-alt-right\"><\/i><span>en savoir plus<\/span><\/a><\/div><\/div><\/div><\/div><div class=\"gutentor-grid-column grid-lg-4 grid-md-6 grid-12\"><div class=\"gutentor-single-item gutentor-icon gutentor-single-item-5\"><div class=\"gutentor-single-item-wrap\"><div class=\"gutentor-single-item-icon-box\"><i class=\"fas fa-desktop\"><\/i><\/div><div class=\"gutentor-single-item-content\"><h4 class=\"gutentor-single-item-title\">Se promouvoir diff\u00e9remment<\/h4><p class=\"gutentor-single-item-desc\">Devenir sa propre image marketing. <br>Se pr\u00e9senter autrement.    <\/p><a class=\"gutentor-button gutentor-single-item-button gutentor-icon-hide\" href=\"https:\/\/xn--lepanierdecapacits-rwb.com\/?page_id=486\"><i class=\"gutentor-button-icon fas fa-long-arrow-alt-right\"><\/i><span>en savoir plus<\/span><\/a><\/div><\/div><\/div><\/div><\/div><\/div><\/section>\n\n\n\n<section id=\"section-d76cfa57-e570-44b0-afeb-2edca2de751c\" class=\"wp-block-gutentor-icon-box gutentor-section gutentor-icon-wrapper icon-template2 has-image-bg has-custom-bg has-gutentor-overlay\"><div class=\"grid-container\"><div class=\"gutentor-block-header\"><div class=\"gutentor-section-title text-center\"><h2 class=\"gutentor-title\">Nos Valeurs<\/h2><\/div><\/div><div class=\"grid-row gutentor-grid-item-wrap\"><div class=\"gutentor-grid-column grid-lg-4 grid-md-4 grid-12\"><div class=\"gutentor-single-item gutentor-icon gutentor-single-item-0\"><div class=\"gutentor-single-item-wrap\"><div class=\"gutentor-single-item-icon-box\"><i class=\"fas fa-certificate\"><\/i><\/div><div class=\"gutentor-single-item-content\"><h3 class=\"gutentor-single-item-title\">Notre Philosophie<\/h3><p class=\"gutentor-single-item-desc\">Le panier de capacit\u00e9s est un extracteur de dons et talents. Il contribue \u00e0 r\u00e9v\u00e9ler les talents cach\u00e9s en chacun<\/p><\/div><\/div><\/div><\/div><div class=\"gutentor-grid-column grid-lg-4 grid-md-4 grid-12\"><div class=\"gutentor-single-item gutentor-icon gutentor-single-item-1\"><div class=\"gutentor-single-item-wrap\"><div class=\"gutentor-single-item-icon-box\"><i class=\"far fa-snowflake\"><\/i><\/div><div class=\"gutentor-single-item-content\"><h3 class=\"gutentor-single-item-title\">Notre Principe<\/h3><p class=\"gutentor-single-item-desc\">Se d\u00e9couvrir et se conna\u00eetre pour mieux se positionner dans le monde du travail en tant que salari\u00e9 ou entrepreneur<\/p><\/div><\/div><\/div><\/div><div class=\"gutentor-grid-column grid-lg-4 grid-md-4 grid-12\"><div class=\"gutentor-single-item gutentor-icon gutentor-single-item-2\"><div class=\"gutentor-single-item-wrap\"><div class=\"gutentor-single-item-icon-box\"><i class=\"fas fa-key\"><\/i><\/div><div class=\"gutentor-single-item-content\"><h3 class=\"gutentor-single-item-title\">Cl\u00e9 de Notre Succ\u00e8s<\/h3><p class=\"gutentor-single-item-desc\">Investissement, engagement, d\u00e9termination, discipline<\/p><\/div><\/div><\/div><\/div><\/div><\/div><\/section>\n\n\n\n<section id=\"section-79557432-be30-4589-81f5-9804535f46d6\" class=\"wp-block-gutentor-advanced-columns gutentor-section gutentor-advanced-columns has-color-bg has-custom-bg\"><div class=\"grid-container\"><div class=\"grid-row\">\n<div id=\"section-d67d42c2-3494-4a7f-93cf-43bc9d87e285\" class=\"wp-block-gutentor-single-column gutentor-single-column  grid-lg-9 grid-md-8 grid-12\">\n<section id=\"section-7c062b71-5e3d-42bc-9181-86c2bb0086b5\" class=\"wp-block-gutentor-content-box gutentor-section gutentor-content-box-wrapper content-template1\"><div class=\"grid-container gutentor-rm-ct-space\"><div class=\"grid-row gutentor-grid-item-wrap gutentor-rm-row-space\"><div class=\"gutentor-grid-column grid-lg-12 grid-md-12 grid-12 gutentor-rm-col-space\"><div class=\"gutentor-single-item gutentor-single-item-0\"><div class=\"gutentor-single-item-wrap\"><div class=\"gutentor-single-item-content\"><h3 class=\"gutentor-single-item-title\">R\u00c9SERVEZ VOTRE FORMATION D\u00c8S MAINTENANT<\/h3><\/div><\/div><\/div><\/div><\/div><\/div><\/section>\n\n\n\n<p><\/p>\n<\/div>\n\n\n\n<div id=\"section-1ef6b10a-77e1-4b92-887b-e3166281241d\" class=\"wp-block-gutentor-single-column gutentor-single-column  grid-lg-3 grid-md-4 grid-12\">\n<div id=\"section-e8171221-442b-4903-9749-66e317f6228d\" class=\"wp-block-gutentor-content-box gutentor-section gutentor-content-box-wrapper content-template1\"><div class=\"grid-container gutentor-rm-ct-space\"><div class=\"grid-row gutentor-grid-item-wrap gutentor-rm-row-space\"><div class=\"gutentor-grid-column grid-lg-12 grid-md-12 grid-12 gutentor-rm-col-space\"><div class=\"gutentor-single-item gutentor-single-item-0\"><div class=\"gutentor-single-item-wrap\"><div class=\"gutentor-single-item-content\"><a class=\"gutentor-button gutentor-single-item-button gutentor-icon-hide\" href=\"https:\/\/xn--lepanierdecapacits-rwb.com\/?page_id=558\"><i class=\"gutentor-button-icon fas fa-book\"><\/i><span>R\u00c9SERVEZ<\/span><\/a><\/div><\/div><\/div><\/div><\/div><\/div><\/div>\n\n\n\n<p><\/p>\n<\/div>\n<\/div><\/div><\/section>\n\n\n\n<div style=\"height:100px\" aria-hidden=\"true\" class=\"wp-block-spacer\"><\/div>\n\n\n\n<p><\/p>\n","protected":false},"excerpt":{"rendered":"","protected":false},"author":1,"featured_media":0,"parent":0,"menu_order":0,"comment_status":"closed","ping_status":"closed","template":"template-gutentor-full-width.php","meta":[],"_links":{"self":[{"href":"https:\/\/xn--lepanierdecapacits-rwb.com\/index.php?rest_route=\/wp\/v2\/pages\/115"}],"collection":[{"href":"https:\/\/xn--lepanierdecapacits-rwb.com\/index.php?rest_route=\/wp\/v2\/pages"}],"about":[{"href":"https:\/\/xn--lepanierdecapacits-rwb.com\/index.php?rest_route=\/wp\/v2\/types\/page"}],"author":[{"embeddable":true,"href":"https:\/\/xn--lepanierdecapacits-rwb.com\/index.php?rest_route=\/wp\/v2\/users\/1"}],"replies":[{"embeddable":true,"href":"https:\/\/xn--lepanierdecapacits-rwb.com\/index.php?rest_route=%2Fwp%2Fv2%2Fcomments&post=115"}],"version-history":[{"count":42,"href":"https:\/\/xn--lepanierdecapacits-rwb.com\/index.php?rest_route=\/wp\/v2\/pages\/115\/revisions"}],"predecessor-version":[{"id":1615,"href":"https:\/\/xn--lepanierdecapacits-rwb.com\/index.php?rest_route=\/wp\/v2\/pages\/115\/revisions\/1615"}],"wp:attachment":[{"href":"https:\/\/xn--lepanierdecapacits-rwb.com\/index.php?rest_route=%2Fwp%2Fv2%2Fmedia&parent=115"}],"curies":[{"name":"wp","href":"https:\/\/api.w.org\/{rel}","templated":true}]}}