{"id":210,"date":"2020-12-06T23:23:11","date_gmt":"2020-12-06T22:23:11","guid":{"rendered":"https:\/\/xn--lepanierdecapacits-rwb.com\/?page_id=210"},"modified":"2022-08-29T19:24:56","modified_gmt":"2022-08-29T17:24:56","slug":"nous-connaitre","status":"publish","type":"page","link":"https:\/\/xn--lepanierdecapacits-rwb.com\/?page_id=210","title":{"rendered":"NOUS CONNA\u00ceTRE"},"content":{"rendered":"\n<div style=\"height:250px\" aria-hidden=\"true\" class=\"wp-block-spacer\"><\/div>\n\n\n\n<div id=\"section-gad28e8\" class=\"wp-block-gutentor-e0 section-gad28e8 gutentor-element gutentor-element-advanced-text text-align-center-desktop\"><div class=\"gutentor-text-wrap\"><h1 class=\"gutentor-text\">Le Panier de Capacit\u00e9s<\/h1><\/div><\/div>\n\n\n\n<p><\/p>\n\n\n\n<section id=\"section-4b2bae62-290c-4e30-9a8e-22fab208ff00\" class=\"wp-block-gutentor-advanced-columns gutentor-section gutentor-advanced-columns has-color-bg has-custom-bg\"><div class=\"grid-container\"><div class=\"grid-row\">\n<div id=\"section-2d31ac1b-474a-45e8-971f-5079437f70ce\" class=\"wp-block-gutentor-single-column gutentor-single-column  grid-lg-6 grid-md-12 grid-12\">\n<div id=\"section-gd275f7\" class=\"wp-block-gutentor-e1 section-gd275f7 gutentor-element gutentor-element-advanced-text\"><div class=\"gutentor-text-wrap\"><h2 class=\"gutentor-text\">Transformateur de Vies<\/h2><\/div><\/div>\n\n\n\n<div id=\"section-g9bec1f\" class=\"wp-block-gutentor-e1 section-g9bec1f gutentor-element gutentor-element-advanced-text\"><div class=\"gutentor-text-wrap\"><h5 class=\"gutentor-text\">Le chemin vers votre couloir d&rsquo;activit\u00e9<\/h5><\/div><\/div>\n\n\n\n<div id=\"section-89ea41a9-bb64-42a0-b97d-5f1bc40371b1\" class=\"wp-block-gutentor-content-box gutentor-section gutentor-content-box-wrapper content-template1 text-align: justify;\"><div class=\"grid-container gutentor-rm-ct-space\"><div class=\"gutentor-block-header\"><div class=\"gutentor-section-title text-left\"><p class=\"gutentor-title\">Le panier de capacit\u00e9s n&rsquo;est pas une m\u00e9thode de formation ordinaire, comme il en existe de nombreuses autres, sur le march\u00e9.  Comme son nom l&rsquo;indique, cette formation est centr\u00e9e sur la capacit\u00e9 de l&rsquo;individu,  \u00e0 d\u00e9couvrir ses potentialit\u00e9s et s&rsquo;accomplir dans sa vocation professionnelle, quel que soit son niveau d&rsquo;\u00e9tude et ou son parcours, sans discrimination de toute nature.  <br>Le panier de capacit\u00e9s permet \u00e0 l&rsquo;apprenant, de d\u00e9couvrir son v\u00e9ritable couloir d&rsquo;impact et d&rsquo;\u00e9panouissement, lui permettant ainsi de devenir acteur de sa vie professionnelle, et d&rsquo;\u00eatre une solution, une r\u00e9ponse pour sa g\u00e9n\u00e9ration. <br><br>C&rsquo;est pourquoi cette formation professionnelle, a transform\u00e9 tant de vies \u00e0 ce jour, par une reconstruction palpable, tant sur le plan psychologique que physique. Ces hommes et ces femmes, \u00e9tant certain d&rsquo;avoir un r\u00f4le \u00e0 jouer, de valeur ajout\u00e9e dans notre soci\u00e9t\u00e9, sachant o\u00f9 est leur place et comment y parvenir, sont aujourd&rsquo;hui confiants et pr\u00eats \u00e0 se lancer \u00e0 l&rsquo;assaut du march\u00e9 de l&#8217;emploi ou de la cr\u00e9ation d&rsquo;entreprise.<\/p><\/div><\/div><div class=\"grid-row gutentor-grid-item-wrap\"><div class=\"gutentor-grid-column grid-lg-12 grid-md-12 grid-12\"><div class=\"gutentor-single-item gutentor-single-item-0\"><div class=\"gutentor-single-item-wrap\"><div class=\"gutentor-single-item-content\"><p class=\"gutentor-single-item-desc\"><\/p><\/div><\/div><\/div><\/div><\/div><\/div><\/div>\n\n\n\n<div id=\"section-g384c2f\" class=\"wp-block-gutentor-e1 section-g384c2f gutentor-element gutentor-element-advanced-text\"><div class=\"gutentor-text-wrap\"><h5 class=\"gutentor-text\">Voyage vers une nouvelle vie<\/h5><\/div><\/div>\n\n\n\n<div id=\"section-ge43051\" class=\"wp-block-gutentor-e1 section-ge43051 gutentor-element gutentor-element-advanced-text\"><div class=\"gutentor-text-wrap\"><p class=\"gutentor-text\">Le \u00ab\u00a0panier de capacit\u00e9s\u00a0\u00bb peut se satisfaire d&rsquo;avoir accompagn\u00e9 b\u00e9n\u00e9volement des centaines de personnes vers une nouvelle vie d&rsquo;\u00e9panouissement professionnelle, y compris d&rsquo;\u00eatre intervenu aupr\u00e8s d&rsquo;organismes avec succ\u00e8s. <br><br>Cette formation vous permettra de valoriser votre parcours de vie, et vos acquis professionnels, pour vous permettre de b\u00e2tir cette nouvelle histoire professionnelle, dont vous r\u00eavez sans peut-\u00eatre oser ou dont vous ignorez peut-\u00eatre simplement la possibilit\u00e9. <br>C&rsquo;est pourquoi, vous qui lisez cette page maintenant, et qui \u00eates d\u00e9sabus\u00e9s par votre milieu professionnel, ou alors \u00e0 la recherche d&rsquo;une orientation ou r\u00e9orientation, posez cet acte qui va transformer votre vie, contactez nous.<br><br><strong>Nos r\u00e9sultats :<\/strong><br>Les tableaux de nos r\u00e9sultats sont communiqu\u00e9s \u00e0 la commande.<\/p><\/div><\/div>\n<\/div>\n\n\n\n<div id=\"section-35e66cde-2657-48c0-8894-0473e67c597e\" class=\"wp-block-gutentor-single-column gutentor-single-column  grid-lg-6 grid-md-12 grid-12\">\n<div id=\"section-gb0a0e1\" class=\"wp-block-gutentor-e6 section-gb0a0e1 gutentor-element gutentor-element-image\"><div class=\"gutentor-element-image-box\"><div class=\"gutentor-image-thumb\"><img class=\"normal-image\" src=\"https:\/\/xn--lepanierdecapacits-rwb.com\/wp-content\/uploads\/2021\/05\/formation_le-panier-de-capacites_nous-connaitre-1.png\"\/><\/div><\/div><\/div>\n<\/div>\n<\/div><\/div><\/section>\n\n\n\n<section id=\"section-26e2bdfd-6adc-43b7-a7e4-4d31deff7865\" class=\"wp-block-gutentor-counter-box gutentor-section gutentor-counter-wrapper counter-template3 has-image-bg has-custom-bg has-gutentor-overlay\"><div class=\"grid-container\"><div class=\"grid-row gutentor-grid-item-wrap\"><div class=\"gutentor-grid-column grid-lg-12 grid-md-3 grid-12\"><div class=\"gutentor-single-item gutentor-counter gutentor-single-item-0\"><div class=\"gutentor-single-item-wrap\"><div class=\"gutentor-single-item-content\"><p class=\"gutentor-single-item-number\" data-duration=\"2\" data-start=\"0\" data-end=\"\"><\/p><h3 class=\"gutentor-single-item-title\"><\/h3><p class=\"gutentor-single-item-desc\"><\/p><\/div><\/div><\/div><\/div><\/div><\/div><\/section>\n\n\n\n<section id=\"section-6248ec55-099f-4387-9563-492889ed2600\" class=\"wp-block-gutentor-timeline gutentor-section gutentor-timeline cssanimations timeline-template1 has-color-bg has-custom-bg first-item-active text-justify\"><div class=\"grid-container\"><div class=\"gutentor-block-header\"><div class=\"gutentor-section-title text-center\"><h2 class=\"gutentor-title\">Votre parcours avec nous<\/h2><\/div><\/div><div class=\"gutentor-grid-item-wrap\"><div class=\"gutentor-timeline-wrapper\"><div class=\"gutentor-single-item gutentor-single-item-0 gutentor-even\"><div class=\"gutentor-timeline-item\"><div class=\"gutentor-single-item-wrap\"><div class=\"gutentor-timeline-item-circle\"><\/div><div class=\"gutentor-single-item-wrapper\"><div class=\"gutentor-single-item-content gutentor-timeline-item-content\"><div class=\"gutentor-timeline-item-org-title\"><h5 class=\"gutentor-timeline-item-heading-name\">Recherche Aptitudes<\/h5><span class=\"gutentor-timeline-item-duration\">Commencement <br>de la d\u00e9couverte<\/span><\/div><h3 class=\"gutentor-single-item-title\">Se D\u00e9couvrir<\/h3><p class=\"gutentor-single-item-desc\">Se conna\u00eetre, se d\u00e9velopper et devenir un r\u00e9f\u00e9rence<br>dans son domaine. Des ateliers, des jeux de r\u00f4les<br>et des exercices pratiques<\/p><\/div><\/div><\/div><\/div><\/div><div class=\"gutentor-single-item gutentor-single-item-1 gutentor-odd\"><div class=\"gutentor-timeline-item\"><div class=\"gutentor-single-item-wrap\"><div class=\"gutentor-timeline-item-circle\"><\/div><div class=\"gutentor-single-item-wrapper\"><div class=\"gutentor-single-item-content gutentor-timeline-item-content\"><div class=\"gutentor-timeline-item-org-title\"><h5 class=\"gutentor-timeline-item-heading-name\">\u00catre acteur de sa formation&#8230;<\/h5><span class=\"gutentor-timeline-item-duration\">Pour \u00eatre acteur de son couloir ! Dans la vie, sans investissement, <br>il n&rsquo;y a pas succ\u00e8s. Se d\u00e9couvrir demande d&rsquo;investir du temps, <br>de l&rsquo;\u00e9nergie et souvent de l&rsquo;argent. Chaque apprenant doit adopter <br>une posture de professionnelle, qui lui permettra de se distinguer <br>et briller dans son nouveau couloir, par l&rsquo;effort au travail.<\/span><\/div><h3 class=\"gutentor-single-item-title\">S\u2019investir<\/h3><p class=\"gutentor-single-item-desc\">Il est important en tant que apprenant de s&rsquo;investir<br>dans la formation en \u00e9tant assidu, concentr\u00e9, faire<br>les recherches et exercices demand\u00e9es etc\u2026<br> <\/p><\/div><\/div><\/div><\/div><\/div><div class=\"gutentor-single-item gutentor-single-item-2 gutentor-even\"><div class=\"gutentor-timeline-item\"><div class=\"gutentor-single-item-wrap\"><div class=\"gutentor-timeline-item-circle\"><\/div><div class=\"gutentor-single-item-wrapper\"><div class=\"gutentor-single-item-content gutentor-timeline-item-content\"><div class=\"gutentor-timeline-item-org-title\"><h5 class=\"gutentor-timeline-item-heading-name\">Se Rendre \u00e0 L&rsquo;\u00e9vidence<br><\/h5><span class=\"gutentor-timeline-item-duration\">Trouver sa vocation <br>et sauter le pas<\/span><\/div><h3 class=\"gutentor-single-item-title\">Se Lancer<\/h3><p class=\"gutentor-single-item-desc\">Tout au long des formations, les apprenants ont des devoirs,<br>des exercices et des \u00e9valuations,  a chaque fin de chapitre<br>leur permettant d&rsquo;asseoir les connaissances et comp\u00e9tences. <br>Chaque module est construit de fa\u00e7on, \u00e0 prendre en compte  <br>toutes les exp\u00e9riences de l&rsquo;apprenant (scolaires, universitaires,<br>professionnelles, extra professionnelles etc\u2026) Une fois que <br>le couloir trouv\u00e9, l&rsquo;apprenant entre dans la phase de recherches approfondies, pour pr\u00e9ciser le domaine et m\u00e9tier vis\u00e9. <br>Par exemple, s&rsquo;il s&rsquo;agit de restauration. Est-ce plut\u00f4t cuisinier ? <br>Traiteur ? Commis de cuisine ? etc\u2026<\/p><\/div><\/div><\/div><\/div><\/div><\/div><\/div><\/div><\/section>\n\n\n\n<div id=\"section-g731c92\" class=\"wp-block-gutentor-e0 section-g731c92 gutentor-element gutentor-element-advanced-text text-align-center-desktop\"><div class=\"gutentor-text-wrap\"><h2 class=\"gutentor-text\"><br>Ils T\u00e9moignent<br><\/h2><\/div><\/div>\n\n\n\n<section id=\"gm58622ae\" class=\"wp-block-gutentor-m0 section-gm58622ae gutentor-module gutentor-module-carousel gutentor-slick-a-default-tablet gutentor-slick-a-default-mobile\"><div class=\"grid-container gutentor-rm-ct-space\"><div class=\"gutentor-module-carousel-row\" data-dots=\"false\" data-dotstablet=\"false\" data-dotsmobile=\"false\" data-arrows=\"false\" data-arrowstablet=\"true\" data-arrowsmobile=\"true\" data-infinite=\"true\" data-autoplay=\"true\" data-draggable=\"true\" data-pauseonfocus=\"true\" data-pauseonhover=\"true\" data-autoplayspeed=\"3000\" data-cmondesktop=\"false\" data-cmontablet=\"false\" data-cmonmobile=\"false\" data-nextarrow=\"fas fa-angle-right\" data-prevarrow=\"fas fa-angle-left\" data-arrowspositiondesktop=\"gutentor-slick-a-default-desktop\" data-arrowspositiontablet=\"gutentor-slick-a-default-tablet\" data-arrowspositionmobile=\"gutentor-slick-a-default-mobile\" data-speed=\"300\" data-slideitemdesktop=\"3\" data-slideitemtablet=\"2\" data-slideitemmobile=\"1\" data-slidescroll-desktop=\"1\" data-slidescroll-tablet=\"1\" data-slidescroll-mobile=\"1\">\n<div id=\"col-gm80f4e8\" class=\"wp-block-gutentor-m0-col col-gm80f4e8 gutentor-carousel-item\"><div id=\"section-gm80f4e8\" class=\"section-gm80f4e8 gutentor-col-wrap\">\n<section id=\"gm4d605d9\" class=\"wp-block-gutentor-m4 section-gm4d605d9 gutentor-module gutentor-advanced-columns\"><div class=\"grid-container gutentor-rm-ct-space\"><div class=\"grid-row\">\n<div id=\"col-gme85bca\" class=\"wp-block-gutentor-m4-col col-gme85bca gutentor-single-column  grid-lg-3 grid-md-3 grid-4\"><div id=\"section-gme85bca\" class=\"section-gme85bca gutentor-col-wrap\">\n<div id=\"section-g06e691\" class=\"wp-block-gutentor-e6 section-g06e691 gutentor-element gutentor-element-image\"><div class=\"gutentor-element-image-box\"><div class=\"gutentor-image-thumb\"><img class=\"normal-image\" src=\"https:\/\/xn--lepanierdecapacits-rwb.com\/wp-content\/uploads\/2021\/05\/temoignage-1-1.png\"\/><\/div><\/div><\/div>\n<\/div><\/div>\n\n\n\n<div id=\"col-gm8de445\" class=\"wp-block-gutentor-m4-col col-gm8de445 gutentor-single-column  grid-lg-9 grid-md-9 grid-8\"><div id=\"section-gm8de445\" class=\"section-gm8de445 gutentor-col-wrap\">\n<div id=\"section-g21a967\" class=\"wp-block-gutentor-e0 section-g21a967 gutentor-element gutentor-element-advanced-text\"><div class=\"gutentor-text-wrap\"><h3 class=\"gutentor-text\">Achille MPEH<\/h3><\/div><\/div>\n\n\n\n<div id=\"section-geed8ce\" class=\"wp-block-gutentor-e0 section-geed8ce gutentor-element gutentor-element-advanced-text\"><div class=\"gutentor-text-wrap\"><p class=\"gutentor-text\">Cadre d&rsquo;\u00e9ducation dans un Lyc\u00e9e Polyvalent <\/p><\/div><\/div>\n<\/div><\/div>\n<\/div><\/div><\/section>\n\n\n\n<div id=\"section-gc024e3\" class=\"wp-block-gutentor-e0 section-gc024e3 gutentor-element gutentor-element-advanced-text\"><div class=\"gutentor-text-wrap\"><p class=\"gutentor-text\">Dipl\u00f4m\u00e9 d\u2019un master 2 en Finances, cette formation m&rsquo;a permis de d\u00e9couvrir  mes nombreux talents, mais surtout le domaine d\u2019activit\u00e9 dans lequel je suis \u00e0 100 % de mon potentiel aujourd&rsquo;hui. Les ateliers et s\u00e9ance de coaching men\u00e9s dans cette formation, m\u2019ont aid\u00e9 \u00e0 d\u00e9couvrir le m\u00e9tier qui me passionne.<\/p><\/div><\/div>\n<\/div><\/div>\n\n\n\n<div id=\"col-gm15f35b\" class=\"wp-block-gutentor-m0-col col-gm15f35b gutentor-carousel-item\"><div id=\"section-gm15f35b\" class=\"section-gm15f35b gutentor-col-wrap\">\n<section id=\"gmded2abc\" class=\"wp-block-gutentor-m4 section-gmded2abc gutentor-module gutentor-advanced-columns\"><div class=\"grid-container gutentor-rm-ct-space\"><div class=\"grid-row\">\n<div id=\"col-gmaaa669\" class=\"wp-block-gutentor-m4-col col-gmaaa669 gutentor-single-column  grid-lg-3 grid-md-3 grid-4\"><div id=\"section-gmaaa669\" class=\"section-gmaaa669 gutentor-col-wrap\">\n<div id=\"section-gbdd94f\" class=\"wp-block-gutentor-e6 section-gbdd94f gutentor-element gutentor-element-image\"><div class=\"gutentor-element-image-box\"><div class=\"gutentor-image-thumb\"><img class=\"normal-image\" src=\"https:\/\/xn--lepanierdecapacits-rwb.com\/wp-content\/uploads\/2021\/05\/temoignage-2-1.png\"\/><\/div><\/div><\/div>\n<\/div><\/div>\n\n\n\n<div id=\"col-gm385d87\" class=\"wp-block-gutentor-m4-col col-gm385d87 gutentor-single-column  grid-lg-9 grid-md-9 grid-8\"><div id=\"section-gm385d87\" class=\"section-gm385d87 gutentor-col-wrap\">\n<div id=\"section-g2fff42\" class=\"wp-block-gutentor-e0 section-g2fff42 gutentor-element gutentor-element-advanced-text\"><div class=\"gutentor-text-wrap\"><h3 class=\"gutentor-text\">Yolaine MEHINTO<\/h3><\/div><\/div>\n\n\n\n<div id=\"section-g571cec\" class=\"wp-block-gutentor-e0 section-g571cec gutentor-element gutentor-element-advanced-text text-align-left-desktop\"><div class=\"gutentor-text-wrap\"><p class=\"gutentor-text\">\u00e9tudiante en 2\u00e8me ann\u00e9e d&rsquo;architecture <\/p><\/div><\/div>\n<\/div><\/div>\n<\/div><\/div><\/section>\n\n\n\n<div id=\"section-g742c4e\" class=\"wp-block-gutentor-e0 section-g742c4e gutentor-element gutentor-element-advanced-text\"><div class=\"gutentor-text-wrap\"><p class=\"gutentor-text\">En classe de terminale scientifique, cette formation, m&rsquo;a confort\u00e9 concernant mon orientation professionnelle, vers ma v\u00e9ritable vocation. Son approche tr\u00e8s pragmatique et p\u00e9dagogique, m&rsquo;a donn\u00e9 des ailes, et  permis de m&rsquo;orienter avec assurance dans mon couloir professionnel qu&rsquo;est l&rsquo;architecture.  <\/p><\/div><\/div>\n<\/div><\/div>\n\n\n\n<div id=\"col-gmc5e5f3\" class=\"wp-block-gutentor-m0-col col-gmc5e5f3 gutentor-carousel-item\"><div id=\"section-gmc5e5f3\" class=\"section-gmc5e5f3 gutentor-col-wrap\">\n<section id=\"gmcce7fcb\" class=\"wp-block-gutentor-m4 section-gmcce7fcb gutentor-module gutentor-advanced-columns\"><div class=\"grid-container gutentor-rm-ct-space\"><div class=\"grid-row\">\n<div id=\"col-gmb35fcc\" class=\"wp-block-gutentor-m4-col col-gmb35fcc gutentor-single-column  grid-lg-3 grid-md-3 grid-4\"><div id=\"section-gmb35fcc\" class=\"section-gmb35fcc gutentor-col-wrap\">\n<div id=\"section-g38da22\" class=\"wp-block-gutentor-e6 section-g38da22 gutentor-element gutentor-element-image\"><div class=\"gutentor-element-image-box\"><div class=\"gutentor-image-thumb\"><img class=\"normal-image\" src=\"https:\/\/xn--lepanierdecapacits-rwb.com\/wp-content\/uploads\/2021\/05\/temoignage-3-2.png\"\/><\/div><\/div><\/div>\n<\/div><\/div>\n\n\n\n<div id=\"col-gm6c36c6\" class=\"wp-block-gutentor-m4-col col-gm6c36c6 gutentor-single-column  grid-lg-9 grid-md-9 grid-8\"><div id=\"section-gm6c36c6\" class=\"section-gm6c36c6 gutentor-col-wrap\">\n<div id=\"section-g2a6225\" class=\"wp-block-gutentor-e0 section-g2a6225 gutentor-element gutentor-element-advanced-text\"><div class=\"gutentor-text-wrap\"><h3 class=\"gutentor-text\">Ashley KOUYATE <\/h3><\/div><\/div>\n\n\n\n<div id=\"section-gc0d949\" class=\"wp-block-gutentor-e0 section-gc0d949 gutentor-element gutentor-element-advanced-text\"><div class=\"gutentor-text-wrap\"><p class=\"gutentor-text\">Conseill\u00e8re Patrimoniale Bancaire<\/p><\/div><\/div>\n<\/div><\/div>\n<\/div><\/div><\/section>\n\n\n\n<div id=\"section-g18169b\" class=\"wp-block-gutentor-e0 section-g18169b gutentor-element gutentor-element-advanced-text\"><div class=\"gutentor-text-wrap\"><p class=\"gutentor-text\">Conseill\u00e8re commerciale bancaire et arr\u00eat de travail prolong\u00e9, cette formation m&rsquo;a offert la possibilit\u00e9 de conna\u00eetre ma v\u00e9ritable voie professionnelle, \u00e0 savoir les finances et de plus, cerise su le g\u00e2teau m&rsquo;a permis d&rsquo;\u00eatre embauch\u00e9e en cdi dans une Grande Banque de d\u00e9tail.<\/p><\/div><\/div>\n<\/div><\/div>\n<\/div><\/div><\/section>\n\n\n\n<div style=\"height:100px\" aria-hidden=\"true\" class=\"wp-block-spacer\"><\/div>\n\n\n\n<p><\/p>\n","protected":false},"excerpt":{"rendered":"","protected":false},"author":1,"featured_media":0,"parent":0,"menu_order":0,"comment_status":"closed","ping_status":"closed","template":"template-gutentor-full-width.php","meta":[],"_links":{"self":[{"href":"https:\/\/xn--lepanierdecapacits-rwb.com\/index.php?rest_route=\/wp\/v2\/pages\/210"}],"collection":[{"href":"https:\/\/xn--lepanierdecapacits-rwb.com\/index.php?rest_route=\/wp\/v2\/pages"}],"about":[{"href":"https:\/\/xn--lepanierdecapacits-rwb.com\/index.php?rest_route=\/wp\/v2\/types\/page"}],"author":[{"embeddable":true,"href":"https:\/\/xn--lepanierdecapacits-rwb.com\/index.php?rest_route=\/wp\/v2\/users\/1"}],"replies":[{"embeddable":true,"href":"https:\/\/xn--lepanierdecapacits-rwb.com\/index.php?rest_route=%2Fwp%2Fv2%2Fcomments&post=210"}],"version-history":[{"count":20,"href":"https:\/\/xn--lepanierdecapacits-rwb.com\/index.php?rest_route=\/wp\/v2\/pages\/210\/revisions"}],"predecessor-version":[{"id":1587,"href":"https:\/\/xn--lepanierdecapacits-rwb.com\/index.php?rest_route=\/wp\/v2\/pages\/210\/revisions\/1587"}],"wp:attachment":[{"href":"https:\/\/xn--lepanierdecapacits-rwb.com\/index.php?rest_route=%2Fwp%2Fv2%2Fmedia&parent=210"}],"curies":[{"name":"wp","href":"https:\/\/api.w.org\/{rel}","templated":true}]}}