{"id":478,"date":"2020-12-08T12:59:24","date_gmt":"2020-12-08T11:59:24","guid":{"rendered":"https:\/\/xn--lepanierdecapacits-rwb.com\/?page_id=478"},"modified":"2022-08-29T17:50:13","modified_gmt":"2022-08-29T15:50:13","slug":"cv","status":"publish","type":"page","link":"https:\/\/xn--lepanierdecapacits-rwb.com\/?page_id=478","title":{"rendered":"&#8211; B\u00c2TIR SON CV AVEC SHOPHARSYSTEMS (\u00e0 venir)"},"content":{"rendered":"\n<div style=\"height:150px\" aria-hidden=\"true\" class=\"wp-block-spacer\"><\/div>\n\n\n\n<section id=\"section-e6cdff84-4ac3-40df-a5f3-aaa2d05c6025\" class=\"wp-block-gutentor-advanced-columns gutentor-section gutentor-advanced-columns has-color-bg has-custom-bg\"><div class=\"grid-container\"><div class=\"grid-row\">\n<div id=\"section-ebb1a7cd-f74e-48eb-89de-bdd82de94706\" class=\"wp-block-gutentor-single-column gutentor-single-column  grid-lg-6 grid-md-12 grid-12\">\n<div id=\"section-a24fb637-2340-4fe5-86af-bea8bc107f65\" class=\"wp-block-gutentor-content-box gutentor-section gutentor-content-box-wrapper content-template1\"><div class=\"grid-container gutentor-rm-ct-space\"><div class=\"gutentor-block-header\"><div class=\"gutentor-section-title enable-title-design seperator-bottom text-left\"><h2 class=\"gutentor-title\">CV (\u00e0 venir)<\/h2><\/div><\/div><div class=\"grid-row gutentor-grid-item-wrap\"><div class=\"gutentor-grid-column grid-lg-12 grid-md-12 grid-12\"><div class=\"gutentor-single-item gutentor-single-item-0\"><div class=\"gutentor-single-item-wrap\"><div class=\"gutentor-single-item-content\"><h3 class=\"gutentor-single-item-title\">R\u00e9diger un CV personnalis\u00e9<\/h3><p class=\"gutentor-single-item-desc\">Ce module\u00a0vous fera d\u00e9couvrir votre profil comme jamais auparavant. Aucun d\u00e9tail\u00a0de votre parcours n&rsquo;est n\u00e9glig\u00e9. Votre parcours est valoris\u00e9 et exploit\u00e9. Vos comp\u00e9tences\u00a0 acquises dans le domaine professionnel,\u00a0ou scolaire sont pris en compte.<br><br>Tous ces ingr\u00e9dients font de vous une personne unique dans son genre, comme une empreinte digitale, capable de rebondir vers d&rsquo;autres secteurs d&rsquo;activit\u00e9s, avec aisance et assurance. Le plus important est de savoir se vendre. C&rsquo;est ce que nous d\u00e9couvrirons tout le long de ce module.<\/p><\/div><\/div><\/div><\/div><\/div><\/div><\/div>\n<\/div>\n\n\n\n<div id=\"section-e4b18dd8-0d4e-43f1-af2f-be1211894abf\" class=\"wp-block-gutentor-single-column gutentor-single-column  grid-lg-6 grid-md-12 grid-12\">\n<div id=\"section-g706888\" class=\"wp-block-gutentor-e6 section-g706888 gutentor-element gutentor-element-image\"><div class=\"gutentor-element-image-box\"><div class=\"gutentor-image-thumb\"><img class=\"normal-image\" src=\"https:\/\/xn--lepanierdecapacits-rwb.com\/wp-content\/uploads\/2021\/04\/le-panier-de-capacites_formation_mon-profil-professionnel_votre-cv-1.png\"\/><\/div><\/div><\/div>\n<\/div>\n<\/div><\/div><\/section>\n\n\n\n<p><\/p>\n\n\n\n<div id=\"section-gfe6de7\" class=\"wp-block-gutentor-e0 section-gfe6de7 gutentor-element gutentor-element-advanced-text text-align-center-desktop\"><div class=\"gutentor-text-wrap\"><h3 class=\"gutentor-text\">Contenu et Programme<\/h3><\/div><\/div>\n\n\n\n<section id=\"1387dd\" class=\"section-1387dd gutentor-module gutentor-module-accordion\"><div class=\"grid-container\">\n<div id=\"dd296f\" class=\"wp-block-gutentor-m6-item section-dd296f gutentor-module gutentor-module-accordion-item\"><div class=\"gutentor-module-accordion-panel g-a-panel-1387dd\"><div class=\"gm-ah-1387dd gutentor-module-accordion-item-heading gutentor-module-icon-position-right\"><span class=\"gutentor-module-accordion-panel-handler\" role=\"button\"><span class=\"gutentor-module-accordion-panel-handler-label\">Objectifs<\/span><span class=\"gutentor-module-accordion-icon gutentor-enabled-width\"><i class=\"gm-aio-1387dd gutentor-module-accordion-icon-open fas fa-angle-down\"><\/i><i class=\"gm-aic-1387dd gutentor-module-accordion-icon-close fas fa-angle-up\"><\/i><\/span><\/span><\/div><div class=\"gm-ab-1387dd gutentor-module-accordion-body\">\n<div id=\"section-gec70cb\" class=\"wp-block-gutentor-e0 section-gec70cb gutentor-element gutentor-element-advanced-text\"><div class=\"gutentor-text-wrap\"><p class=\"gutentor-text\">\u00c0 l&rsquo;issue de cette formation, le stagiaire sera capable de b\u00e2tir un CV adapt\u00e9 \u00e0 son parcours de vie, pour se positionner dans le march\u00e9 du travail.<br><\/p><\/div><\/div>\n<\/div><\/div><\/div>\n\n\n\n<div id=\"834f43\" class=\"wp-block-gutentor-m6-item section-834f43 gutentor-module gutentor-module-accordion-item\"><div class=\"gutentor-module-accordion-panel g-a-panel-1387dd\"><div class=\"gm-ah-1387dd gutentor-module-accordion-item-heading gutentor-module-icon-position-right\"><span class=\"gutentor-module-accordion-panel-handler\" role=\"button\"><span class=\"gutentor-module-accordion-panel-handler-label\">Programme<\/span><span class=\"gutentor-module-accordion-icon gutentor-enabled-width\"><i class=\"gm-aio-1387dd gutentor-module-accordion-icon-open fas fa-angle-down\"><\/i><i class=\"gm-aic-1387dd gutentor-module-accordion-icon-close fas fa-angle-up\"><\/i><\/span><\/span><\/div><div class=\"gm-ab-1387dd gutentor-module-accordion-body\">\n<div id=\"section-g1db4ea\" class=\"wp-block-gutentor-e0 section-g1db4ea gutentor-element gutentor-element-advanced-text\"><div class=\"gutentor-text-wrap\"><p class=\"gutentor-text\"><strong>Parcours d&rsquo;accompagnement<\/strong><br>Dispens\u00e9 en 6h<\/p><\/div><\/div>\n<\/div><\/div><\/div>\n\n\n\n<div id=\"282ac6\" class=\"wp-block-gutentor-m6-item section-282ac6 gutentor-module gutentor-module-accordion-item\"><div class=\"gutentor-module-accordion-panel g-a-panel-1387dd\"><div class=\"gm-ah-1387dd gutentor-module-accordion-item-heading gutentor-module-icon-position-right\"><span class=\"gutentor-module-accordion-panel-handler\" role=\"button\"><span class=\"gutentor-module-accordion-panel-handler-label\">E-cours<\/span><span class=\"gutentor-module-accordion-icon gutentor-enabled-width\"><i class=\"gm-aio-1387dd gutentor-module-accordion-icon-open fas fa-angle-down\"><\/i><i class=\"gm-aic-1387dd gutentor-module-accordion-icon-close fas fa-angle-up\"><\/i><\/span><\/span><\/div><div class=\"gm-ab-1387dd gutentor-module-accordion-body\">\n<div id=\"section-gf82329\" class=\"wp-block-gutentor-e0 section-gf82329 gutentor-element gutentor-element-advanced-text\"><div class=\"gutentor-text-wrap\"><p class=\"gutentor-text\"><strong>E-formation<\/strong><br>Dispens\u00e9e en 4h.<\/p><\/div><\/div>\n<\/div><\/div><\/div>\n\n\n\n<div id=\"83fe6d\" class=\"wp-block-gutentor-m6-item section-83fe6d gutentor-module gutentor-module-accordion-item\"><div class=\"gutentor-module-accordion-panel g-a-panel-1387dd\"><div class=\"gm-ah-1387dd gutentor-module-accordion-item-heading gutentor-module-icon-position-right\"><span class=\"gutentor-module-accordion-panel-handler\" role=\"button\"><span class=\"gutentor-module-accordion-panel-handler-label\">Pr\u00e9sentiel<\/span><span class=\"gutentor-module-accordion-icon gutentor-enabled-width\"><i class=\"gm-aio-1387dd gutentor-module-accordion-icon-open fas fa-angle-down\"><\/i><i class=\"gm-aic-1387dd gutentor-module-accordion-icon-close fas fa-angle-up\"><\/i><\/span><\/span><\/div><div class=\"gm-ab-1387dd gutentor-module-accordion-body\">\n<div id=\"section-g766794\" class=\"wp-block-gutentor-e0 section-g766794 gutentor-element gutentor-element-advanced-text\"><div class=\"gutentor-text-wrap\"><p class=\"gutentor-text\"><strong>Lieu de formation<\/strong><br>Adresse et lieu communiqu\u00e9s d&rsquo;avance.<\/p><\/div><\/div>\n<\/div><\/div><\/div>\n\n\n\n<div id=\"dd475c\" class=\"wp-block-gutentor-m6-item section-dd475c gutentor-module gutentor-module-accordion-item\"><div class=\"gutentor-module-accordion-panel g-a-panel-1387dd\"><div class=\"gm-ah-1387dd gutentor-module-accordion-item-heading gutentor-module-icon-position-right\"><span class=\"gutentor-module-accordion-panel-handler\" role=\"button\"><span class=\"gutentor-module-accordion-panel-handler-label\">Attestation de formation<\/span><span class=\"gutentor-module-accordion-icon gutentor-enabled-width\"><i class=\"gm-aio-1387dd gutentor-module-accordion-icon-open fas fa-angle-down\"><\/i><i class=\"gm-aic-1387dd gutentor-module-accordion-icon-close fas fa-angle-up\"><\/i><\/span><\/span><\/div><div class=\"gm-ab-1387dd gutentor-module-accordion-body\">\n<div id=\"section-g135d79\" class=\"wp-block-gutentor-e0 section-g135d79 gutentor-element gutentor-element-advanced-text\"><div class=\"gutentor-text-wrap\"><p class=\"gutentor-text\"><strong>Attestation de formation<\/strong><br>Une attestation de fin de parcours est d\u00e9livr\u00e9e par l&rsquo;organisme de formation.<\/p><\/div><\/div>\n<\/div><\/div><\/div>\n<\/div><\/section>\n\n\n\n<section id=\"section-0a7147dc-e8c6-40d0-8bb1-1d81d03393c5\" class=\"wp-block-gutentor-advanced-columns gutentor-section gutentor-advanced-columns\"><div class=\"grid-container\"><div class=\"grid-row\">\n<section id=\"section-fe92a9de-d12f-4f02-a4b0-2c36c1a4303a\" class=\"wp-block-gutentor-single-column gutentor-single-column  grid-lg-4 grid-md-12 grid-12\">\n<section id=\"section-a9f35d88-67ad-47d6-889e-fcc28b88b0d5\" class=\"wp-block-gutentor-content-box gutentor-section gutentor-content-box-wrapper content-template1\"><div class=\"grid-container\"><div class=\"gutentor-block-header\"><div class=\"gutentor-section-title text-left\"><h2 class=\"gutentor-title\">Des r\u00c9sultats probants <\/h2><\/div><\/div><div class=\"grid-row gutentor-grid-item-wrap\"><div class=\"gutentor-grid-column grid-lg-12 grid-md-12 grid-12\"><div class=\"gutentor-single-item gutentor-single-item-0\"><div class=\"gutentor-single-item-wrap\"><div class=\"gutentor-single-item-content\"><h3 class=\"gutentor-single-item-title\">Reconversions  R\u00e9ussies<\/h3><\/div><\/div><\/div><\/div><\/div><\/div><\/section>\n\n\n\n<p><\/p>\n<\/section>\n\n\n\n<section id=\"section-2f959f3a-12c1-4ac2-81cb-f2672e4d0398\" class=\"wp-block-gutentor-single-column gutentor-single-column  grid-lg-8 grid-md-12 grid-12\">\n<section id=\"section-f3b67530-3437-4f82-83fb-77e84062613f\" class=\"wp-block-gutentor-content-box gutentor-section gutentor-content-box-wrapper content-template1\"><div class=\"grid-container\"><div class=\"grid-row gutentor-grid-item-wrap\"><div class=\"gutentor-grid-column grid-lg-12 grid-md-12 grid-12\"><div class=\"gutentor-single-item gutentor-single-item-0\"><div class=\"gutentor-single-item-wrap\"><div class=\"gutentor-single-item-content\"><p class=\"gutentor-single-item-desc\">Sur 100 personnes accompagn\u00e9es, tous trouvent leur couloir et 95 r\u00e9ussissent \u00e0 se r\u00e9ins\u00e9rer. <br>La difficult\u00e9 majeure est souvent li\u00e9e \u00e0 la prise en charge des formations \u00e0 suivre, apr\u00e8s que <br>la voie soit trouv\u00e9e.<\/p><\/div><\/div><\/div><\/div><\/div><\/div><\/section>\n<\/section>\n<\/div><\/div><\/section>\n","protected":false},"excerpt":{"rendered":"","protected":false},"author":1,"featured_media":0,"parent":488,"menu_order":3,"comment_status":"closed","ping_status":"closed","template":"template-gutentor-full-width.php","meta":[],"_links":{"self":[{"href":"https:\/\/xn--lepanierdecapacits-rwb.com\/index.php?rest_route=\/wp\/v2\/pages\/478"}],"collection":[{"href":"https:\/\/xn--lepanierdecapacits-rwb.com\/index.php?rest_route=\/wp\/v2\/pages"}],"about":[{"href":"https:\/\/xn--lepanierdecapacits-rwb.com\/index.php?rest_route=\/wp\/v2\/types\/page"}],"author":[{"embeddable":true,"href":"https:\/\/xn--lepanierdecapacits-rwb.com\/index.php?rest_route=\/wp\/v2\/users\/1"}],"replies":[{"embeddable":true,"href":"https:\/\/xn--lepanierdecapacits-rwb.com\/index.php?rest_route=%2Fwp%2Fv2%2Fcomments&post=478"}],"version-history":[{"count":18,"href":"https:\/\/xn--lepanierdecapacits-rwb.com\/index.php?rest_route=\/wp\/v2\/pages\/478\/revisions"}],"predecessor-version":[{"id":1563,"href":"https:\/\/xn--lepanierdecapacits-rwb.com\/index.php?rest_route=\/wp\/v2\/pages\/478\/revisions\/1563"}],"up":[{"embeddable":true,"href":"https:\/\/xn--lepanierdecapacits-rwb.com\/index.php?rest_route=\/wp\/v2\/pages\/488"}],"wp:attachment":[{"href":"https:\/\/xn--lepanierdecapacits-rwb.com\/index.php?rest_route=%2Fwp%2Fv2%2Fmedia&parent=478"}],"curies":[{"name":"wp","href":"https:\/\/api.w.org\/{rel}","templated":true}]}}