{"id":484,"date":"2020-12-08T13:18:34","date_gmt":"2020-12-08T12:18:34","guid":{"rendered":"https:\/\/xn--lepanierdecapacits-rwb.com\/?page_id=484"},"modified":"2022-08-29T17:51:42","modified_gmt":"2022-08-29T15:51:42","slug":"entretien-dembauche","status":"publish","type":"page","link":"https:\/\/xn--lepanierdecapacits-rwb.com\/?page_id=484","title":{"rendered":"&#8211; REUSSIR SON ENTRETIEN D&rsquo;EMBAUCHE (\u00e0 venir)"},"content":{"rendered":"\n<div style=\"height:150px\" aria-hidden=\"true\" class=\"wp-block-spacer\"><\/div>\n\n\n\n<section id=\"section-658e8c52-8522-4be2-a874-8828ea28b861\" class=\"wp-block-gutentor-advanced-columns gutentor-section gutentor-advanced-columns has-color-bg has-custom-bg\"><div class=\"grid-container\"><div class=\"grid-row\">\n<div id=\"section-c97363eb-17c7-4308-9d71-8358d27fad9a\" class=\"wp-block-gutentor-single-column gutentor-single-column  grid-lg-6 grid-md-12 grid-12\">\n<div id=\"section-bcf4ecf3-6986-414e-87c0-658af29e5e52\" class=\"wp-block-gutentor-content-box gutentor-section gutentor-content-box-wrapper content-template1\"><div class=\"grid-container gutentor-rm-ct-space\"><div class=\"gutentor-block-header\"><div class=\"gutentor-section-title enable-title-design seperator-bottom text-left\"><h2 class=\"gutentor-title\">Entretien D&#8217;embauche (\u00e0 venir)<\/h2><\/div><\/div><div class=\"grid-row gutentor-grid-item-wrap\"><div class=\"gutentor-grid-column grid-lg-12 grid-md-12 grid-12\"><div class=\"gutentor-single-item gutentor-single-item-0\"><div class=\"gutentor-single-item-wrap\"><div class=\"gutentor-single-item-content\"><h3 class=\"gutentor-single-item-title\">\u00catre pr\u00eat(e) pour l&rsquo;entretien<\/h3><p class=\"gutentor-single-item-desc\">Aucune r\u00e9ussite ne s&rsquo;acquiert sans pr\u00e9paration, aucun entretien d&#8217;embauche ne peut \u00eatre couronn\u00e9 de succ\u00e8s sans une bonne pr\u00e9paration en amont. Pr\u00e9parer un entretien d\u2019embauche n\u00e9cessite la prise en compte de tous les param\u00e8tres. Avant de se pr\u00e9parer \u00e0 de telles \u00e9tapes : les questions qui peuvent \u00eatre pos\u00e9es et donc d\u2019anticiper les r\u00e9ponses etc.<br><br>Il est n\u00e9cessaire de\u00a0 prendre en compte\u00a0et d&rsquo;exploiter tous les atouts existants en chaque individu. Ce module vous permettra de vous promouvoir en\u00a0valorisant vos d\u00e9p\u00f4ts\u00a0naturels, doubl\u00e9s de vos comp\u00e9tences et exp\u00e9riences personnelles.<\/p><\/div><\/div><\/div><\/div><\/div><\/div><\/div>\n<\/div>\n\n\n\n<div id=\"section-dcf5a5b7-9084-4aa6-b3cd-13465b95567e\" class=\"wp-block-gutentor-single-column gutentor-single-column  grid-lg-6 grid-md-12 grid-12\">\n<div id=\"section-g915555\" class=\"wp-block-gutentor-e6 section-g915555 gutentor-element gutentor-element-image\"><div class=\"gutentor-element-image-box\"><div class=\"gutentor-image-thumb\"><img class=\"normal-image\" src=\"https:\/\/xn--lepanierdecapacits-rwb.com\/wp-content\/uploads\/2021\/04\/entretien-embauche-le-panier-de-capacites.png\"\/><\/div><\/div><\/div>\n<\/div>\n<\/div><\/div><\/section>\n\n\n\n<p><\/p>\n\n\n\n<div id=\"section-g059381\" class=\"wp-block-gutentor-e0 section-g059381 gutentor-element gutentor-element-advanced-text text-align-center-desktop\"><div class=\"gutentor-text-wrap\"><h3 class=\"gutentor-text\">Contenu et Programme<\/h3><\/div><\/div>\n\n\n\n<section id=\"75b9dc\" class=\"section-75b9dc gutentor-module gutentor-module-accordion\"><div class=\"grid-container\">\n<div id=\"e33584\" class=\"wp-block-gutentor-m6-item section-e33584 gutentor-module gutentor-module-accordion-item\"><div class=\"gutentor-module-accordion-panel g-a-panel-75b9dc\"><div class=\"gm-ah-75b9dc gutentor-module-accordion-item-heading gutentor-module-icon-position-right\"><span class=\"gutentor-module-accordion-panel-handler\" role=\"button\"><span class=\"gutentor-module-accordion-panel-handler-label\">Objectifs<\/span><span class=\"gutentor-module-accordion-icon gutentor-enabled-width\"><i class=\"gm-aio-75b9dc gutentor-module-accordion-icon-open fas fa-angle-down\"><\/i><i class=\"gm-aic-75b9dc gutentor-module-accordion-icon-close fas fa-angle-up\"><\/i><\/span><\/span><\/div><div class=\"gm-ab-75b9dc gutentor-module-accordion-body\">\n<div id=\"section-g624289\" class=\"wp-block-gutentor-e0 section-g624289 gutentor-element gutentor-element-advanced-text\"><div class=\"gutentor-text-wrap\"><p class=\"gutentor-text\">&gt; \u00c0 l&rsquo;issue de cette formation, le stagiaire sera capable de pr\u00e9parer son entretien d&#8217;embauche tant sur le plan verbal que non verbal, pour promouvoir ses d\u00e9p\u00f4ts naturels, ses comp\u00e9tences et exp\u00e9riences professionnelles. <\/p><\/div><\/div>\n<\/div><\/div><\/div>\n\n\n\n<div id=\"f8ce65\" class=\"wp-block-gutentor-m6-item section-f8ce65 gutentor-module gutentor-module-accordion-item\"><div class=\"gutentor-module-accordion-panel g-a-panel-75b9dc\"><div class=\"gm-ah-75b9dc gutentor-module-accordion-item-heading gutentor-module-icon-position-right\"><span class=\"gutentor-module-accordion-panel-handler\" role=\"button\"><span class=\"gutentor-module-accordion-panel-handler-label\">Programme<\/span><span class=\"gutentor-module-accordion-icon gutentor-enabled-width\"><i class=\"gm-aio-75b9dc gutentor-module-accordion-icon-open fas fa-angle-down\"><\/i><i class=\"gm-aic-75b9dc gutentor-module-accordion-icon-close fas fa-angle-up\"><\/i><\/span><\/span><\/div><div class=\"gm-ab-75b9dc gutentor-module-accordion-body\">\n<div id=\"section-g4cc44f\" class=\"wp-block-gutentor-e0 section-g4cc44f gutentor-element gutentor-element-advanced-text\"><div class=\"gutentor-text-wrap\"><p class=\"gutentor-text\"><strong>Sp\u00e9cifique<\/strong><br>Communiqu\u00e9 sur demande<\/p><\/div><\/div>\n<\/div><\/div><\/div>\n\n\n\n<div id=\"e301b4\" class=\"wp-block-gutentor-m6-item section-e301b4 gutentor-module gutentor-module-accordion-item\"><div class=\"gutentor-module-accordion-panel g-a-panel-75b9dc\"><div class=\"gm-ah-75b9dc gutentor-module-accordion-item-heading gutentor-module-icon-position-right\"><span class=\"gutentor-module-accordion-panel-handler\" role=\"button\"><span class=\"gutentor-module-accordion-panel-handler-label\">E-cours<\/span><span class=\"gutentor-module-accordion-icon gutentor-enabled-width\"><i class=\"gm-aio-75b9dc gutentor-module-accordion-icon-open fas fa-angle-down\"><\/i><i class=\"gm-aic-75b9dc gutentor-module-accordion-icon-close fas fa-angle-up\"><\/i><\/span><\/span><\/div><div class=\"gm-ab-75b9dc gutentor-module-accordion-body\">\n<div id=\"section-g12fca8\" class=\"wp-block-gutentor-e0 section-g12fca8 gutentor-element gutentor-element-advanced-text\"><div class=\"gutentor-text-wrap\"><p class=\"gutentor-text\"><strong>E-formation<\/strong><br>Adresse et lieu communiqu\u00e9s d&rsquo;avance.<\/p><\/div><\/div>\n<\/div><\/div><\/div>\n\n\n\n<div id=\"32013e\" class=\"wp-block-gutentor-m6-item section-32013e gutentor-module gutentor-module-accordion-item\"><div class=\"gutentor-module-accordion-panel g-a-panel-75b9dc\"><div class=\"gm-ah-75b9dc gutentor-module-accordion-item-heading gutentor-module-icon-position-right\"><span class=\"gutentor-module-accordion-panel-handler\" role=\"button\"><span class=\"gutentor-module-accordion-panel-handler-label\">Pr\u00e9sentiel<\/span><span class=\"gutentor-module-accordion-icon gutentor-enabled-width\"><i class=\"gm-aio-75b9dc gutentor-module-accordion-icon-open fas fa-angle-down\"><\/i><i class=\"gm-aic-75b9dc gutentor-module-accordion-icon-close fas fa-angle-up\"><\/i><\/span><\/span><\/div><div class=\"gm-ab-75b9dc gutentor-module-accordion-body\">\n<div id=\"section-g5f3521\" class=\"wp-block-gutentor-e0 section-g5f3521 gutentor-element gutentor-element-advanced-text\"><div class=\"gutentor-text-wrap\"><p class=\"gutentor-text\"><strong>Lieu de formation<\/strong><br>Adresse et lieu communiqu\u00e9s d&rsquo;avance.<\/p><\/div><\/div>\n<\/div><\/div><\/div>\n\n\n\n<div id=\"391f4d\" class=\"wp-block-gutentor-m6-item section-391f4d gutentor-module gutentor-module-accordion-item\"><div class=\"gutentor-module-accordion-panel g-a-panel-75b9dc\"><div class=\"gm-ah-75b9dc gutentor-module-accordion-item-heading gutentor-module-icon-position-right\"><span class=\"gutentor-module-accordion-panel-handler\" role=\"button\"><span class=\"gutentor-module-accordion-panel-handler-label\">Attestation de formation<\/span><span class=\"gutentor-module-accordion-icon gutentor-enabled-width\"><i class=\"gm-aio-75b9dc gutentor-module-accordion-icon-open fas fa-angle-down\"><\/i><i class=\"gm-aic-75b9dc gutentor-module-accordion-icon-close fas fa-angle-up\"><\/i><\/span><\/span><\/div><div class=\"gm-ab-75b9dc gutentor-module-accordion-body\">\n<div id=\"section-g1d3b33\" class=\"wp-block-gutentor-e0 section-g1d3b33 gutentor-element gutentor-element-advanced-text\"><div class=\"gutentor-text-wrap\"><p class=\"gutentor-text\"><strong>Attestation de formation<\/strong><br>Une attestation de fin de parcours est d\u00e9livr\u00e9e par l&rsquo;organisme de formation. <\/p><\/div><\/div>\n<\/div><\/div><\/div>\n<\/div><\/section>\n\n\n\n<section id=\"section-124ea92b-33d1-4c5d-9eb2-8be1fc1b6f5c\" class=\"wp-block-gutentor-advanced-columns gutentor-section gutentor-advanced-columns\"><div class=\"grid-container\"><div class=\"grid-row\">\n<section id=\"section-0e06c7a7-a31b-475b-ae1b-94cfcd542cea\" class=\"wp-block-gutentor-single-column gutentor-single-column  grid-lg-4 grid-md-12 grid-12\">\n<section id=\"section-18a63aad-c67a-434e-b941-19baa365b97c\" class=\"wp-block-gutentor-content-box gutentor-section gutentor-content-box-wrapper content-template1\"><div class=\"grid-container\"><div class=\"gutentor-block-header\"><div class=\"gutentor-section-title text-left\"><h2 class=\"gutentor-title\">Des r\u00c9sultats probants <\/h2><\/div><\/div><div class=\"grid-row gutentor-grid-item-wrap\"><div class=\"gutentor-grid-column grid-lg-12 grid-md-12 grid-12\"><div class=\"gutentor-single-item gutentor-single-item-0\"><div class=\"gutentor-single-item-wrap\"><div class=\"gutentor-single-item-content\"><h3 class=\"gutentor-single-item-title\">Reconversions  R\u00e9ussies<\/h3><\/div><\/div><\/div><\/div><\/div><\/div><\/section>\n\n\n\n<p><\/p>\n<\/section>\n\n\n\n<section id=\"section-9ce29e2f-6589-48a2-910f-eb8d9c4178d2\" class=\"wp-block-gutentor-single-column gutentor-single-column  grid-lg-8 grid-md-12 grid-12\">\n<section id=\"section-5ae3f3af-86bd-47f4-8154-885abba151a9\" class=\"wp-block-gutentor-content-box gutentor-section gutentor-content-box-wrapper content-template1\"><div class=\"grid-container\"><div class=\"grid-row gutentor-grid-item-wrap\"><div class=\"gutentor-grid-column grid-lg-12 grid-md-12 grid-12\"><div class=\"gutentor-single-item gutentor-single-item-0\"><div class=\"gutentor-single-item-wrap\"><div class=\"gutentor-single-item-content\"><p class=\"gutentor-single-item-desc\">Sur 100 personnes accompagn\u00e9es, 95 r\u00e9ussissent \u00e0 se r\u00e9ins\u00e9rer. La difficult\u00e9 majeure est souvent <br>li\u00e9e \u00e0 la prise en charge des formations \u00e0 suivre, apr\u00e8s que la voie soit trouv\u00e9e.<\/p><\/div><\/div><\/div><\/div><\/div><\/div><\/section>\n<\/section>\n<\/div><\/div><\/section>\n","protected":false},"excerpt":{"rendered":"","protected":false},"author":1,"featured_media":0,"parent":488,"menu_order":5,"comment_status":"closed","ping_status":"closed","template":"template-gutentor-full-width.php","meta":[],"_links":{"self":[{"href":"https:\/\/xn--lepanierdecapacits-rwb.com\/index.php?rest_route=\/wp\/v2\/pages\/484"}],"collection":[{"href":"https:\/\/xn--lepanierdecapacits-rwb.com\/index.php?rest_route=\/wp\/v2\/pages"}],"about":[{"href":"https:\/\/xn--lepanierdecapacits-rwb.com\/index.php?rest_route=\/wp\/v2\/types\/page"}],"author":[{"embeddable":true,"href":"https:\/\/xn--lepanierdecapacits-rwb.com\/index.php?rest_route=\/wp\/v2\/users\/1"}],"replies":[{"embeddable":true,"href":"https:\/\/xn--lepanierdecapacits-rwb.com\/index.php?rest_route=%2Fwp%2Fv2%2Fcomments&post=484"}],"version-history":[{"count":15,"href":"https:\/\/xn--lepanierdecapacits-rwb.com\/index.php?rest_route=\/wp\/v2\/pages\/484\/revisions"}],"predecessor-version":[{"id":1564,"href":"https:\/\/xn--lepanierdecapacits-rwb.com\/index.php?rest_route=\/wp\/v2\/pages\/484\/revisions\/1564"}],"up":[{"embeddable":true,"href":"https:\/\/xn--lepanierdecapacits-rwb.com\/index.php?rest_route=\/wp\/v2\/pages\/488"}],"wp:attachment":[{"href":"https:\/\/xn--lepanierdecapacits-rwb.com\/index.php?rest_route=%2Fwp%2Fv2%2Fmedia&parent=484"}],"curies":[{"name":"wp","href":"https:\/\/api.w.org\/{rel}","templated":true}]}}