{"id":558,"date":"2020-12-08T17:35:27","date_gmt":"2020-12-08T16:35:27","guid":{"rendered":"https:\/\/xn--lepanierdecapacits-rwb.com\/?page_id=558"},"modified":"2022-08-20T20:17:46","modified_gmt":"2022-08-20T18:17:46","slug":"nous-contacter","status":"publish","type":"page","link":"https:\/\/xn--lepanierdecapacits-rwb.com\/?page_id=558","title":{"rendered":"NOUS CONTACTER"},"content":{"rendered":"\n<div style=\"height:150px\" aria-hidden=\"true\" class=\"wp-block-spacer\"><\/div>\n\n\n\n<div class=\"wp-block-cover alignwide has-background-dim-20 has-background-dim is-position-center-center\" style=\"min-height:255px\"><img loading=\"lazy\" width=\"1000\" height=\"667\" class=\"wp-block-cover__image-background wp-image-998\" alt=\"\" src=\"https:\/\/xn--lepanierdecapacits-rwb.com\/wp-content\/uploads\/2021\/05\/formation_le-panier-de-capacites_nous-connaitre.png\" style=\"object-position:35% 48%\" data-object-fit=\"cover\" data-object-position=\"35% 48%\" srcset=\"https:\/\/xn--lepanierdecapacits-rwb.com\/wp-content\/uploads\/2021\/05\/formation_le-panier-de-capacites_nous-connaitre.png 1000w, https:\/\/xn--lepanierdecapacits-rwb.com\/wp-content\/uploads\/2021\/05\/formation_le-panier-de-capacites_nous-connaitre-300x200.png 300w, https:\/\/xn--lepanierdecapacits-rwb.com\/wp-content\/uploads\/2021\/05\/formation_le-panier-de-capacites_nous-connaitre-768x512.png 768w\" sizes=\"(max-width: 1000px) 100vw, 1000px\" \/><div class=\"wp-block-cover__inner-container\">\n<p class=\"has-text-align-center line-height : 1.5;\" style=\"font-size:65px\">Travaillons Ensemble <\/p>\n<\/div><\/div>\n\n\n\n<p><\/p>\n\n\n\n<section id=\"section-0b069243-d43e-4a45-b2e5-bddad7be28d0\" class=\"wp-block-gutentor-content-box gutentor-section gutentor-content-box-wrapper content-template1\"><div class=\"grid-container\"><div class=\"gutentor-block-header\"><div class=\"gutentor-section-title text-center\"><h1 class=\"gutentor-title\">Pourquoi nous choisir ?<\/h1><\/div><\/div><div class=\"grid-row gutentor-grid-item-wrap\"><div class=\"gutentor-grid-column grid-lg-6 grid-md-6 grid-12\"><div class=\"gutentor-single-item gutentor-single-item-0\"><div class=\"gutentor-single-item-wrap\"><div class=\"gutentor-single-item-content\"><p class=\"gutentor-single-item-desc\">Le \u00ab\u00a0panier de capacit\u00e9s\u00a0\u00bb n&rsquo;a pas vocation \u00e0 vous orienter, ou vous former pour  vous mener vers les m\u00e9tiers qui recrutent. Certes ils vous permettront d&rsquo;avoir un emploi  mais dans lequel vous serez frustr\u00e9s, et en souffrance, car cela ne vous correspond pas \u00e0 votre couloir d&rsquo;\u00e9panouissement.<\/p><\/div><\/div><\/div><\/div><div class=\"gutentor-grid-column grid-lg-6 grid-md-6 grid-12\"><div class=\"gutentor-single-item gutentor-single-item-1\"><div class=\"gutentor-single-item-wrap\"><div class=\"gutentor-single-item-content\"><p class=\"gutentor-single-item-desc\">Tous les poissons ne sont pas faits pour vivre dans les m\u00eames eaux (mer, fleuves, rivi\u00e8res, aquarium etc\u2026) \u00e0 chacun son eau. <br>Et c&rsquo;est ce voyage vers une nouvelle vie, que vous propose le \u00ab\u00a0panier de capacit\u00e9s\u00a0\u00bb, d\u00e9couvrir quelle est votre eau, vous apprendre \u00e0 y nager et bien vous nourrir. <\/p><\/div><\/div><\/div><\/div><\/div><\/div><\/section>\n\n\n\n<p><\/p>\n\n\n\n<div id=\"section-gf4ffa8\" class=\"wp-block-gutentor-e0 section-gf4ffa8 gutentor-element gutentor-element-advanced-text text-align-center-desktop\"><div class=\"gutentor-text-wrap\"><h2 class=\"gutentor-text\">R\u00e9servez votre formation<\/h2><\/div><\/div>\n\n\n\n<section id=\"section-d2c8e4c8-d626-4111-9f35-cd838d0d7d10\" class=\"wp-block-gutentor-advanced-columns gutentor-section gutentor-advanced-columns has-color-bg has-custom-bg\"><div class=\"grid-container\"><div class=\"grid-row\">\n<section id=\"section-8bbd4e32-3c46-4d41-bc39-febc8c31bf23\" class=\"wp-block-gutentor-single-column gutentor-single-column  grid-lg-5 grid-md-12 grid-12 has-color-bg has-custom-bg\">\n<div id=\"section-afb9900e-3f7f-437a-bbeb-7f7b39954a6d\" class=\"wp-block-gutentor-content-box gutentor-section gutentor-content-box-wrapper content-template1\"><div class=\"grid-container gutentor-rm-ct-space\"><div class=\"grid-row gutentor-grid-item-wrap\"><div class=\"gutentor-grid-column grid-lg-12 grid-md-12 grid-12\"><div class=\"gutentor-single-item gutentor-single-item-0\"><div class=\"gutentor-single-item-wrap\"><div class=\"gutentor-single-item-content\"><h5 class=\"gutentor-single-item-title\">Nos Formations<\/h5><p class=\"gutentor-single-item-desc\">\u2013 D\u00e9tecter et d\u00e9velopper son potentiel<br>\u2013 S&rsquo;orienter ou se r\u00e9orienter professionnellement<br>\u2013 Bilan de comp\u00e9tences<br>\u2013 B\u00e2tir son CV avec Shopharsystems<br>\u2013 R\u00e9ussir son entretien d&#8217;embauche<br>\u2013 Se promouvoir diff\u00e9remment<\/p><\/div><\/div><\/div><\/div><div class=\"gutentor-grid-column grid-lg-12 grid-md-12 grid-12\"><div class=\"gutentor-single-item gutentor-single-item-1\"><div class=\"gutentor-single-item-wrap\"><div class=\"gutentor-single-item-content\"><h5 class=\"gutentor-single-item-title\">Horaires D\u2019ouvertures<\/h5><p class=\"gutentor-single-item-desc\"><strong>Du Lundi au Vendredi :<\/strong>\u00a0<br>9h00 \u00e0 13h00 et de 14h00 \u00e0 18h00<\/p><\/div><\/div><\/div><\/div><div class=\"gutentor-grid-column grid-lg-12 grid-md-12 grid-12\"><div class=\"gutentor-single-item gutentor-single-item-2\"><div class=\"gutentor-single-item-wrap\"><div class=\"gutentor-single-item-content\"><h5 class=\"gutentor-single-item-title\">Informations Contact<\/h5><p class=\"gutentor-single-item-desc\"><strong>Adresse :<\/strong>\u00a0<br>7, Rue de Montauban <br>45300 Pithiviers<br><strong>Num\u00e9ro :<\/strong>\u00a006 70 35 61 38<br><strong>Email <\/strong>: assougoumaemilienne@gmail.com<\/p><\/div><\/div><\/div><\/div><\/div><\/div><\/div>\n<\/section>\n\n\n\n<section id=\"section-51366ab5-fe85-4d7a-8f69-1dca252c9687\" class=\"wp-block-gutentor-single-column gutentor-single-column  grid-lg-7 grid-md-12 grid-12 has-color-bg has-custom-bg\">\n<section id=\"section-81e3955e-eee1-4f34-9e81-e2a9a5cef9e4\" class=\"wp-block-gutentor-content-box gutentor-section gutentor-content-box-wrapper content-template1\"><div class=\"grid-container gutentor-rm-ct-space\"><div class=\"grid-row gutentor-grid-item-wrap gutentor-rm-row-space\"><div class=\"gutentor-grid-column grid-lg-12 grid-md-12 grid-12 gutentor-rm-col-space\"><div class=\"gutentor-single-item gutentor-single-item-0\"><div class=\"gutentor-single-item-wrap\"><div class=\"gutentor-single-item-content\"><h3 class=\"gutentor-single-item-title\">Contactez-Nous<\/h3><p class=\"gutentor-single-item-desc\">D\u00e9cidez-vous aujourd&rsquo;hui! Soyez acteur du changement de votre vie professionnelle. Soyez ainsi une solution pour votre g\u00e9n\u00e9ration. Contactez-nous! <\/p><\/div><\/div><\/div><\/div><\/div><\/div><\/section>\n\n\n\n<div role=\"form\" class=\"wpcf7\" id=\"wpcf7-f802-o1\" lang=\"fr-FR\" dir=\"ltr\">\n<div class=\"screen-reader-response\"><p role=\"status\" aria-live=\"polite\" aria-atomic=\"true\"><\/p> <ul><\/ul><\/div>\n<form action=\"\/index.php?rest_route=%2Fwp%2Fv2%2Fpages%2F558#wpcf7-f802-o1\" method=\"post\" class=\"wpcf7-form init\" novalidate=\"novalidate\" data-status=\"init\">\n<div style=\"display: none;\">\n<input type=\"hidden\" name=\"_wpcf7\" value=\"802\" \/>\n<input type=\"hidden\" name=\"_wpcf7_version\" value=\"5.5.6\" \/>\n<input type=\"hidden\" name=\"_wpcf7_locale\" value=\"fr_FR\" \/>\n<input type=\"hidden\" name=\"_wpcf7_unit_tag\" value=\"wpcf7-f802-o1\" \/>\n<input type=\"hidden\" name=\"_wpcf7_container_post\" value=\"0\" \/>\n<input type=\"hidden\" name=\"_wpcf7_posted_data_hash\" value=\"\" \/>\n<\/div>\n<p><label>Votre Nom<span class=\"wpcf7-form-control-wrap text-732\"><input type=\"text\" name=\"text-732\" value=\"\" size=\"40\" class=\"wpcf7-form-control wpcf7-text wpcf7-validates-as-required\" aria-required=\"true\" aria-invalid=\"false\" \/><\/span><\/label><\/p>\n<p><label>Votre Pr\u00e9nom <span class=\"wpcf7-form-control-wrap text-633\"><input type=\"text\" name=\"text-633\" value=\"\" size=\"40\" class=\"wpcf7-form-control wpcf7-text wpcf7-validates-as-required\" aria-required=\"true\" aria-invalid=\"false\" \/><\/span><\/label><\/p>\n<p><label> Votre Email <span class=\"wpcf7-form-control-wrap email-867\"><input type=\"email\" name=\"email-867\" value=\"\" size=\"40\" class=\"wpcf7-form-control wpcf7-text wpcf7-email wpcf7-validates-as-required wpcf7-validates-as-email\" aria-required=\"true\" aria-invalid=\"false\" \/><\/span><\/label><\/p>\n<p><label> Votre Num\u00e9ro <span class=\"wpcf7-form-control-wrap tel-160\"><input type=\"tel\" name=\"tel-160\" value=\"\" size=\"40\" class=\"wpcf7-form-control wpcf7-text wpcf7-tel wpcf7-validates-as-tel\" aria-invalid=\"false\" \/><\/span><\/label><\/p>\n<p><label> Choix de Modules <span class=\"wpcf7-form-control-wrap menu-214\"><select name=\"menu-214\" class=\"wpcf7-form-control wpcf7-select wpcf7-validates-as-required\" aria-required=\"true\" aria-invalid=\"false\"><option value=\"Tous\">Tous<\/option><option value=\"D\u00e9tection de potentiel\">D\u00e9tection de potentiel<\/option><option value=\"Profil PACA\">Profil PACA<\/option><option value=\"CV\">CV<\/option><option value=\"Re-Orientation\">Re-Orientation<\/option><option value=\"Entretien d&#039;embauche\">Entretien d&#039;embauche<\/option><option value=\"Se vendre diff\u00e9remment\">Se vendre diff\u00e9remment<\/option><\/select><\/span> <\/label><\/p>\n<p><label> Comment Nous-Avez vous connu ? <span class=\"wpcf7-form-control-wrap menu-947\"><select name=\"menu-947\" class=\"wpcf7-form-control wpcf7-select wpcf7-validates-as-required\" aria-required=\"true\" aria-invalid=\"false\"><option value=\"Recherche internet\">Recherche internet<\/option><option value=\"Recommandation relation\">Recommandation relation<\/option><option value=\"Recommandation organisme\">Recommandation organisme<\/option><option value=\"R\u00e9seaux sociaux\">R\u00e9seaux sociaux<\/option><\/select><\/span> <\/label><\/p>\n<p><label> Objet <span class=\"wpcf7-form-control-wrap text-732\"><input type=\"text\" name=\"text-732\" value=\"\" size=\"40\" class=\"wpcf7-form-control wpcf7-text wpcf7-validates-as-required\" aria-required=\"true\" aria-invalid=\"false\" \/><\/span> <\/label><\/p>\n<p><label> Votre Message<br \/>\n<span class=\"wpcf7-form-control-wrap textarea-564\"><textarea name=\"textarea-564\" cols=\"40\" rows=\"10\" class=\"wpcf7-form-control wpcf7-textarea wpcf7-validates-as-required\" aria-required=\"true\" aria-invalid=\"false\"><\/textarea><\/span> <\/label><\/p>\n<p><input type=\"submit\" value=\"Envoyer\" class=\"wpcf7-form-control has-spinner wpcf7-submit\" \/><\/p>\n<p style=\"display: none !important;\"><label>&#916;<textarea name=\"_wpcf7_ak_hp_textarea\" cols=\"45\" rows=\"8\" maxlength=\"100\"><\/textarea><\/label><input type=\"hidden\" id=\"ak_js_1\" name=\"_wpcf7_ak_js\" value=\"234\"\/><script>document.getElementById( \"ak_js_1\" ).setAttribute( \"value\", ( new Date() ).getTime() );<\/script><\/p><div class=\"wpcf7-response-output\" aria-hidden=\"true\"><\/div><\/form><\/div>\n\n\n\n<p><\/p>\n<\/section>\n<\/div><\/div><\/section>\n\n\n\n<p><\/p>\n","protected":false},"excerpt":{"rendered":"","protected":false},"author":1,"featured_media":0,"parent":0,"menu_order":0,"comment_status":"closed","ping_status":"closed","template":"template-gutentor-full-width.php","meta":[],"_links":{"self":[{"href":"https:\/\/xn--lepanierdecapacits-rwb.com\/index.php?rest_route=\/wp\/v2\/pages\/558"}],"collection":[{"href":"https:\/\/xn--lepanierdecapacits-rwb.com\/index.php?rest_route=\/wp\/v2\/pages"}],"about":[{"href":"https:\/\/xn--lepanierdecapacits-rwb.com\/index.php?rest_route=\/wp\/v2\/types\/page"}],"author":[{"embeddable":true,"href":"https:\/\/xn--lepanierdecapacits-rwb.com\/index.php?rest_route=\/wp\/v2\/users\/1"}],"replies":[{"embeddable":true,"href":"https:\/\/xn--lepanierdecapacits-rwb.com\/index.php?rest_route=%2Fwp%2Fv2%2Fcomments&post=558"}],"version-history":[{"count":26,"href":"https:\/\/xn--lepanierdecapacits-rwb.com\/index.php?rest_route=\/wp\/v2\/pages\/558\/revisions"}],"predecessor-version":[{"id":1547,"href":"https:\/\/xn--lepanierdecapacits-rwb.com\/index.php?rest_route=\/wp\/v2\/pages\/558\/revisions\/1547"}],"wp:attachment":[{"href":"https:\/\/xn--lepanierdecapacits-rwb.com\/index.php?rest_route=%2Fwp%2Fv2%2Fmedia&parent=558"}],"curies":[{"name":"wp","href":"https:\/\/api.w.org\/{rel}","templated":true}]}}